{"id":363,"date":"2022-08-15T18:40:21","date_gmt":"2022-08-15T18:40:21","guid":{"rendered":"https:\/\/lovedemarcos.com\/blog\/"},"modified":"2022-08-15T18:40:21","modified_gmt":"2022-08-15T18:40:21","slug":"blog","status":"publish","type":"page","link":"https:\/\/lovedemarcos.com\/en\/blog\/","title":{"rendered":"Blog"},"content":{"rendered":"<div data-elementor-type=\"wp-page\" data-elementor-id=\"363\" class=\"elementor elementor-363 elementor-bc-flex-widget\">\n\t\t\t\t\t\t<section class=\"elementor-section elementor-top-section elementor-element elementor-element-q17oxqq elementor-section-boxed elementor-section-height-default elementor-section-height-default\" data-id=\"q17oxqq\" data-element_type=\"section\" data-e-type=\"section\">\n\t\t\t\t\t\t<div class=\"elementor-container elementor-column-gap-default\">\n\t\t\t\t\t<div class=\"elementor-column elementor-col-100 elementor-top-column elementor-element elementor-element-q0ecg9x\" data-id=\"q0ecg9x\" data-element_type=\"column\" data-e-type=\"column\">\n\t\t\t<div class=\"elementor-widget-wrap elementor-element-populated\">\n\t\t\t\t\t\t<div class=\"elementor-element elementor-element-782ghrj elementor-widget elementor-widget-case27-blog-feed-widget\" data-id=\"782ghrj\" data-element_type=\"widget\" data-e-type=\"widget\" data-widget_type=\"case27-blog-feed-widget.default\">\n\t\t\t\t<div class=\"elementor-widget-container\">\n\t\t\t\t\t\r\n<section class=\"i-section\">\r\n\t<div class=\"container-fluid\">\r\n\r\n\t\t\r\n\t\t\t<div class=\"row section-body grid\">\r\n\r\n\t\t\t\t\r\n<div class=\"col-md-4 col-sm-6 col-xs-12\">\r\n        <div class=\"single-blog-feed\">\r\n        <div class=\"sbf-container\">\r\n            <div class=\"lf-head\">\r\n                                                    <div class=\"lf-head-btn event-date\">\r\n                        <span class=\"e-month\">Aug<\/span>\r\n                        <span class=\"e-day\">20<\/span>\r\n                    <\/div>\r\n                                            <\/div>\r\n            <div class=\"sbf-thumb\">\r\n                <a aria-label=\"Link to blog article\" href=\"https:\/\/lovedemarcos.com\/en\/hello-world\/\">\r\n                    <div class=\"overlay\"><\/div>\r\n                                    <\/a>\r\n            <\/div>\r\n            <div class=\"sbf-title\">\r\n                <a href=\"https:\/\/lovedemarcos.com\/en\/hello-world\/\" class=\"case27-primary-text\">Hello world!<\/a>\r\n                <p>Welcome to LoveSanPancho Network. This is your first post. Edit or delete it, then start writing!<\/p>\r\n            <\/div>\r\n\r\n            <div class=\"listing-details\">\r\n                <ul class=\"c27-listing-preview-category-list no-list-style\">\r\n                    \r\n                        <li>\r\n                            <a href=\"https:\/\/lovedemarcos.com\/en\/post-category\/uncategorized\/\">\r\n                                <span class=\"cat-icon\" style=\"background-color: #f24286;\">\r\n                                    \t\t\t<i class=\"mi bookmark_border\" style=\"color: #fff; \"><\/i>\r\n\t\t                                <\/span>\r\n                                <span class=\"category-name\">Uncategorized<\/span>\r\n                            <\/a>\r\n                        <\/li>\r\n\r\n                                                                    <\/ul>\r\n                <\/div>\r\n            <\/div>\r\n    <\/div>\r\n<\/div>\t\t\t\t\r\n<div class=\"col-md-4 col-sm-6 col-xs-12\">\r\n        <div class=\"single-blog-feed\">\r\n        <div class=\"sbf-container\">\r\n            <div class=\"lf-head\">\r\n                                                    <div class=\"lf-head-btn event-date\">\r\n                        <span class=\"e-month\">Dec<\/span>\r\n                        <span class=\"e-day\">03<\/span>\r\n                    <\/div>\r\n                                            <\/div>\r\n            <div class=\"sbf-thumb\">\r\n                <a aria-label=\"Link to blog article\" href=\"https:\/\/lovedemarcos.com\/en\/una-forma-inteligente-de-reservar-y-administrar-propiedades\/\">\r\n                    <div class=\"overlay\"><\/div>\r\n                                            <div class=\"sbf-background\" style=\"background-image: url('https:\/\/lovedemarcos.com\/wp-content\/uploads\/sites\/3\/2024\/12\/lovedemarcos-restaurantes-1.webp')\"><\/div>\r\n                                    <\/a>\r\n            <\/div>\r\n            <div class=\"sbf-title\">\r\n                <a href=\"https:\/\/lovedemarcos.com\/en\/una-forma-inteligente-de-reservar-y-administrar-propiedades\/\" class=\"case27-primary-text\">Una Forma Inteligente de Reservar y Administrar Propiedades<\/a>\r\n                <p>\ud83d\udca1 Una alternativa local, transparente y justa para propietarios y turistas en Lo de Marcos. Por Qu\u00e9 Elegir Lovedemarcos \ud83d\udd0d El Turismo Consciente Empieza Aqu\u00ed En Lovedemarcos, transformamos la manera de reservar y gestionar propiedades: Sin Intermediarios: Conecta directamente con anfitriones locales y elimina costos innecesarios. Transparencia Total: Ofrecemos una soluci\u00f3n clara y sin comisiones [&hellip;]<\/p>\r\n            <\/div>\r\n\r\n            <div class=\"listing-details\">\r\n                <ul class=\"c27-listing-preview-category-list no-list-style\">\r\n                    \r\n                        <li>\r\n                            <a href=\"https:\/\/lovedemarcos.com\/en\/post-category\/uncategorized\/\">\r\n                                <span class=\"cat-icon\" style=\"background-color: #f24286;\">\r\n                                    \t\t\t<i class=\"mi bookmark_border\" style=\"color: #fff; \"><\/i>\r\n\t\t                                <\/span>\r\n                                <span class=\"category-name\">Uncategorized<\/span>\r\n                            <\/a>\r\n                        <\/li>\r\n\r\n                                                                    <\/ul>\r\n                <\/div>\r\n            <\/div>\r\n    <\/div>\r\n<\/div>\t\t\t\t\r\n<div class=\"col-md-4 col-sm-6 col-xs-12\">\r\n        <div class=\"single-blog-feed\">\r\n        <div class=\"sbf-container\">\r\n            <div class=\"lf-head\">\r\n                                                    <div class=\"lf-head-btn event-date\">\r\n                        <span class=\"e-month\">Feb<\/span>\r\n                        <span class=\"e-day\">16<\/span>\r\n                    <\/div>\r\n                                            <\/div>\r\n            <div class=\"sbf-thumb\">\r\n                <a aria-label=\"Link to blog article\" href=\"https:\/\/lovedemarcos.com\/en\/politicas-de-reservas\/\">\r\n                    <div class=\"overlay\"><\/div>\r\n                                            <div class=\"sbf-background\" style=\"background-image: url('https:\/\/lovedemarcos.com\/wp-content\/uploads\/sites\/3\/2024\/02\/2-1-1024x682.webp')\"><\/div>\r\n                                    <\/a>\r\n            <\/div>\r\n            <div class=\"sbf-title\">\r\n                <a href=\"https:\/\/lovedemarcos.com\/en\/politicas-de-reservas\/\" class=\"case27-primary-text\">Pol\u00edticas de Reservas<\/a>\r\n                <p>Pol\u00edtica de Reservas y Dep\u00f3sitos: Se requerir\u00e1 un dep\u00f3sito no reembolsable al momento de realizar la reserva para garantizar la disponibilidad de la propiedad. El monto del dep\u00f3sito variar\u00e1 seg\u00fan la duraci\u00f3n de la estancia y la temporada, y se especificar\u00e1 claramente en el proceso de reserva. Los dep\u00f3sitos pueden ser pagados a trav\u00e9s de [&hellip;]<\/p>\r\n            <\/div>\r\n\r\n            <div class=\"listing-details\">\r\n                <ul class=\"c27-listing-preview-category-list no-list-style\">\r\n                    \r\n                        <li>\r\n                            <a href=\"https:\/\/lovedemarcos.com\/en\/post-category\/como-funciona\/\">\r\n                                <span class=\"cat-icon\" style=\"background-color: #f24286;\">\r\n                                    \t\t\t<i class=\"mi bookmark_border\" style=\"color: #fff; \"><\/i>\r\n\t\t                                <\/span>\r\n                                <span class=\"category-name\">\u00bfC\u00f3mo Funciona?<\/span>\r\n                            <\/a>\r\n                        <\/li>\r\n\r\n                                                    <li>\r\n                                <div class=\"categories-dropdown dropdown c27-more-categories\">\r\n                                    <span class=\"tooltip-element\">\r\n                                        <a href=\"#other-categories\">\r\n                                            <span class=\"cat-icon cat-more\">+4<\/span>\r\n                                        <\/a>\r\n                                        <span class=\"tooltip-container\">Informaci\u00f3n, Pol\u00edticas, Seguridad y Emergencia, Tarifas y Promociones<\/span>\r\n                                    <\/span>\r\n                                <\/div>\r\n                            <\/li>\r\n                                                                    <\/ul>\r\n                <\/div>\r\n            <\/div>\r\n    <\/div>\r\n<\/div>\t\t\t\t\r\n<div class=\"col-md-4 col-sm-6 col-xs-12\">\r\n        <div class=\"single-blog-feed\">\r\n        <div class=\"sbf-container\">\r\n            <div class=\"lf-head\">\r\n                                                    <div class=\"lf-head-btn event-date\">\r\n                        <span class=\"e-month\">Feb<\/span>\r\n                        <span class=\"e-day\">16<\/span>\r\n                    <\/div>\r\n                                            <\/div>\r\n            <div class=\"sbf-thumb\">\r\n                <a aria-label=\"Link to blog article\" href=\"https:\/\/lovedemarcos.com\/en\/politicas-de-administracion-de-propiedades\/\">\r\n                    <div class=\"overlay\"><\/div>\r\n                                            <div class=\"sbf-background\" style=\"background-image: url('https:\/\/lovedemarcos.com\/wp-content\/uploads\/sites\/3\/2024\/02\/1-1-1024x682.webp')\"><\/div>\r\n                                    <\/a>\r\n            <\/div>\r\n            <div class=\"sbf-title\">\r\n                <a href=\"https:\/\/lovedemarcos.com\/en\/politicas-de-administracion-de-propiedades\/\" class=\"case27-primary-text\">Pol\u00edticas de Administraci\u00f3n de Propiedades<\/a>\r\n                <p>Pol\u00edtica de Mantenimiento Proactivo: Implementaci\u00f3n de un sistema de seguimiento y programaci\u00f3n de mantenimiento preventivo para cada propiedad gestionada. Programaci\u00f3n regular de inspecciones detalladas de las propiedades para identificar y abordar cualquier problema potencial antes de que se convierta en una emergencia. Contrataci\u00f3n de personal calificado o la subcontrataci\u00f3n de empresas de mantenimiento confiables para [&hellip;]<\/p>\r\n            <\/div>\r\n\r\n            <div class=\"listing-details\">\r\n                <ul class=\"c27-listing-preview-category-list no-list-style\">\r\n                    \r\n                        <li>\r\n                            <a href=\"https:\/\/lovedemarcos.com\/en\/post-category\/informacion\/\">\r\n                                <span class=\"cat-icon\" style=\"background-color: #f24286;\">\r\n                                    \t\t\t<i class=\"mi bookmark_border\" style=\"color: #fff; \"><\/i>\r\n\t\t                                <\/span>\r\n                                <span class=\"category-name\">Informaci\u00f3n<\/span>\r\n                            <\/a>\r\n                        <\/li>\r\n\r\n                                                    <li>\r\n                                <div class=\"categories-dropdown dropdown c27-more-categories\">\r\n                                    <span class=\"tooltip-element\">\r\n                                        <a href=\"#other-categories\">\r\n                                            <span class=\"cat-icon cat-more\">+2<\/span>\r\n                                        <\/a>\r\n                                        <span class=\"tooltip-container\">Propiedades Vacacionales, Seguridad y Emergencia<\/span>\r\n                                    <\/span>\r\n                                <\/div>\r\n                            <\/li>\r\n                                                                    <\/ul>\r\n                <\/div>\r\n            <\/div>\r\n    <\/div>\r\n<\/div>\t\t\t\t\r\n<div class=\"col-md-4 col-sm-6 col-xs-12\">\r\n        <div class=\"single-blog-feed\">\r\n        <div class=\"sbf-container\">\r\n            <div class=\"lf-head\">\r\n                                                    <div class=\"lf-head-btn event-date\">\r\n                        <span class=\"e-month\">Feb<\/span>\r\n                        <span class=\"e-day\">10<\/span>\r\n                    <\/div>\r\n                                            <\/div>\r\n            <div class=\"sbf-thumb\">\r\n                <a aria-label=\"Link to blog article\" href=\"https:\/\/lovedemarcos.com\/en\/como-subir-tu-propiedad-a-lovedemarcos\/\">\r\n                    <div class=\"overlay\"><\/div>\r\n                                    <\/a>\r\n            <\/div>\r\n            <div class=\"sbf-title\">\r\n                <a href=\"https:\/\/lovedemarcos.com\/en\/como-subir-tu-propiedad-a-lovedemarcos\/\" class=\"case27-primary-text\">\u00bfC\u00f3mo subir tu propiedad a Lovedemarcos?<\/a>\r\n                <p>1.- Haz clic en el bot\u00f3n que dice &#8216;Pon tu propiedad en Lovedemarcos&#8217; 2.- Selecciona la categor\u00eda que prefieras. 3.- Elige un paquete: 4.- Inicia sesi\u00f3n con tu cuenta o reg\u00edstrate utilizando tu correo electr\u00f3nico 5.- Por favor, proceda a ingresar los datos requeridos en el formulario 6.- Una vez hayas completado todos los campos [&hellip;]<\/p>\r\n            <\/div>\r\n\r\n            <div class=\"listing-details\">\r\n                <ul class=\"c27-listing-preview-category-list no-list-style\">\r\n                    \r\n                        <li>\r\n                            <a href=\"https:\/\/lovedemarcos.com\/en\/post-category\/uncategorized\/\">\r\n                                <span class=\"cat-icon\" style=\"background-color: #f24286;\">\r\n                                    \t\t\t<i class=\"mi bookmark_border\" style=\"color: #fff; \"><\/i>\r\n\t\t                                <\/span>\r\n                                <span class=\"category-name\">Uncategorized<\/span>\r\n                            <\/a>\r\n                        <\/li>\r\n\r\n                                                                    <\/ul>\r\n                <\/div>\r\n            <\/div>\r\n    <\/div>\r\n<\/div>\t\t\t\t\r\n<div class=\"col-md-4 col-sm-6 col-xs-12\">\r\n        <div class=\"single-blog-feed\">\r\n        <div class=\"sbf-container\">\r\n            <div class=\"lf-head\">\r\n                                                    <div class=\"lf-head-btn event-date\">\r\n                        <span class=\"e-month\">Jan<\/span>\r\n                        <span class=\"e-day\">22<\/span>\r\n                    <\/div>\r\n                                            <\/div>\r\n            <div class=\"sbf-thumb\">\r\n                <a aria-label=\"Link to blog article\" href=\"https:\/\/lovedemarcos.com\/en\/lovedemarcos-tu-plataforma-de-alquiler-vacacional-sin-comisiones-haz-que-tus-vacaciones-sean-asequibles-y-locales\/\">\r\n                    <div class=\"overlay\"><\/div>\r\n                                    <\/a>\r\n            <\/div>\r\n            <div class=\"sbf-title\">\r\n                <a href=\"https:\/\/lovedemarcos.com\/en\/lovedemarcos-tu-plataforma-de-alquiler-vacacional-sin-comisiones-haz-que-tus-vacaciones-sean-asequibles-y-locales\/\" class=\"case27-primary-text\">&#8220;LovedeMarcos: Tu Plataforma de Alquiler Vacacional sin Comisiones &#8211; \u00a1Haz que tus Vacaciones sean Asequibles y Locales!&#8221;<\/a>\r\n                <p>Si eres propietario de una vivienda que alquilas a trav\u00e9s de Airbnb u otra plataforma de alojamiento, \u00a1esto te va a interesar! \ud83c\udf1f \u00bfAlguna vez has notado lo costoso que se ha vuelto encontrar propiedades para vacacionar? Las plataformas de alojamiento suelen cobrar comisiones exorbitantes, lo que eleva a\u00fan m\u00e1s los precios. Nosotros hemos observado [&hellip;]<\/p>\r\n            <\/div>\r\n\r\n            <div class=\"listing-details\">\r\n                <ul class=\"c27-listing-preview-category-list no-list-style\">\r\n                    \r\n                        <li>\r\n                            <a href=\"https:\/\/lovedemarcos.com\/en\/post-category\/uncategorized\/\">\r\n                                <span class=\"cat-icon\" style=\"background-color: #f24286;\">\r\n                                    \t\t\t<i class=\"mi bookmark_border\" style=\"color: #fff; \"><\/i>\r\n\t\t                                <\/span>\r\n                                <span class=\"category-name\">Uncategorized<\/span>\r\n                            <\/a>\r\n                        <\/li>\r\n\r\n                                                                    <\/ul>\r\n                <\/div>\r\n            <\/div>\r\n    <\/div>\r\n<\/div>\t\t\t\t\r\n\t\t\t<\/div>\r\n\r\n\t\t\t<div class=\"blog-footer\">\r\n\r\n\t\t\t\t\r\n\t\t\t\t\t<div class=\"row project-changer\">\r\n\t\t\t\t\t\t<div class=\"text-center\">\r\n\t\t\t\t\t\t\t<span aria-label=\"Page 1\" aria-current=\"page\" class=\"page-numbers current\" data-no-translation-aria-label=\"\">1<\/span>\n<a aria-label=\"Page 2\" class=\"page-numbers\" href=\"https:\/\/lovedemarcos.com\/en\/wp-json\/wp\/v2\/pages\/363\/?paged=2\" data-no-translation-aria-label=\"\">2<\/a>\n<a class=\"next page-numbers\" href=\"https:\/\/lovedemarcos.com\/en\/wp-json\/wp\/v2\/pages\/363\/?paged=2\">Next &raquo;<\/a>\t\t\t\t\t\t\t<\/div>\r\n\t\t\t\t\t\t<\/div>\r\n\r\n\t\t\t\t\r\n\t\t\t<\/div>\r\n\r\n\t\t\t\t\t\t\t\t\r\n\t<\/div>\r\n<\/section>\t\t\t\t<\/div>\n\t\t\t\t<\/div>\n\t\t\t\t\t<\/div>\n\t\t<\/div>\n\t\t\t\t\t<\/div>\n\t\t<\/section>\n\t\t\t\t<\/div>","protected":false},"excerpt":{"rendered":"","protected":false},"author":76,"featured_media":0,"parent":0,"menu_order":0,"comment_status":"closed","ping_status":"closed","template":"","meta":{"footnotes":""},"class_list":["post-363","page","type-page","status-publish","hentry"],"acf":[],"_links":{"self":[{"href":"https:\/\/lovedemarcos.com\/en\/wp-json\/wp\/v2\/pages\/363","targetHints":{"allow":["GET"]}}],"collection":[{"href":"https:\/\/lovedemarcos.com\/en\/wp-json\/wp\/v2\/pages"}],"about":[{"href":"https:\/\/lovedemarcos.com\/en\/wp-json\/wp\/v2\/types\/page"}],"author":[{"embeddable":true,"href":"https:\/\/lovedemarcos.com\/en\/wp-json\/wp\/v2\/users\/76"}],"replies":[{"embeddable":true,"href":"https:\/\/lovedemarcos.com\/en\/wp-json\/wp\/v2\/comments?post=363"}],"version-history":[{"count":0,"href":"https:\/\/lovedemarcos.com\/en\/wp-json\/wp\/v2\/pages\/363\/revisions"}],"wp:attachment":[{"href":"https:\/\/lovedemarcos.com\/en\/wp-json\/wp\/v2\/media?parent=363"}],"curies":[{"name":"wp","href":"https:\/\/api.w.org\/{rel}","templated":true}]}}