{"id":2482,"date":"2022-08-14T22:41:05","date_gmt":"2022-08-14T22:41:05","guid":{"rendered":"https:\/\/lovedemarcos.com\/?page_id=3"},"modified":"2022-08-14T22:41:05","modified_gmt":"2022-08-14T22:41:05","slug":"privacy-policy","status":"publish","type":"page","link":"https:\/\/lovedemarcos.com\/en\/privacy-policy\/","title":{"rendered":"Pol\u00edtica de Privacidad"},"content":{"rendered":"<div data-elementor-type=\"wp-page\" data-elementor-id=\"2482\" class=\"elementor elementor-2482\">\n\t\t\t\t\t\t<section class=\"elementor-section elementor-top-section elementor-element elementor-element-27ae70c5 elementor-section-boxed elementor-section-height-default elementor-section-height-default\" data-id=\"27ae70c5\" data-element_type=\"section\" data-e-type=\"section\">\n\t\t\t\t\t\t<div class=\"elementor-container elementor-column-gap-default\">\n\t\t\t\t\t<div class=\"elementor-column elementor-col-100 elementor-top-column elementor-element elementor-element-377b3bb1\" data-id=\"377b3bb1\" data-element_type=\"column\" data-e-type=\"column\">\n\t\t\t<div class=\"elementor-widget-wrap elementor-element-populated\">\n\t\t\t\t\t\t<div class=\"elementor-element elementor-element-e104bdb elementor-widget elementor-widget-heading\" data-id=\"e104bdb\" data-element_type=\"widget\" data-e-type=\"widget\" data-widget_type=\"heading.default\">\n\t\t\t\t\t<h2 class=\"elementor-heading-title elementor-size-default\">Pol\u00edtica de Privacidad<\/h2>\t\t\t\t<\/div>\n\t\t\t\t<div class=\"elementor-element elementor-element-d732b8c elementor-widget elementor-widget-text-editor\" data-id=\"d732b8c\" data-element_type=\"widget\" data-e-type=\"widget\" data-widget_type=\"text-editor.default\">\n\t\t\t\t\t\t\t\t\t<p style=\"font-size: 14px; color: rgb(122, 122, 122); font-weight: 400; font-family: Roboto, sans-serif;\"><span style=\"font-weight: 600;\">Qui\u00e9nes somos:<\/span>&nbsp;Nuestra direcci\u00f3n web es:&nbsp;<a href=\"https:\/\/lovedemarcos.com\/\">https:\/\/lovedemarcos.com<\/a>.<\/p><p style=\"font-size: 14px; color: rgb(122, 122, 122); font-weight: 400; font-family: Roboto, sans-serif;\"><\/p><p style=\"font-size: 14px; color: rgb(122, 122, 122); font-weight: 400; font-family: Roboto, sans-serif;\"><\/p><p style=\"font-size: 14px; color: rgb(122, 122, 122); font-weight: 400; font-family: Roboto, sans-serif;\"><span style=\"font-weight: 600;\">Recopilaci\u00f3n de Informaci\u00f3n:<\/span>&nbsp;Antes o en el momento de recopilar informaci\u00f3n personal, identificaremos y te informaremos sobre los prop\u00f3sitos espec\u00edficos para los cuales se est\u00e1 recopilando la informaci\u00f3n.<\/p><p style=\"font-size: 14px; color: rgb(122, 122, 122); font-weight: 400; font-family: Roboto, sans-serif;\"><\/p><p style=\"font-size: 14px; color: rgb(122, 122, 122); font-weight: 400; font-family: Roboto, sans-serif;\"><\/p><p style=\"font-size: 14px; color: rgb(122, 122, 122); font-weight: 400; font-family: Roboto, sans-serif;\">Cuando los visitantes dejan comentarios en el sitio, recopilamos los datos que se muestran en el formulario de comentarios, as\u00ed como la direcci\u00f3n IP del visitante y la cadena del agente de usuario del navegador para ayudar en la detecci\u00f3n de spam. Adem\u00e1s, si apruebas tu comentario, tu imagen de perfil ser\u00e1 visible para el p\u00fablico en el contexto de tu comentario.<\/p><p style=\"font-size: 14px; color: rgb(122, 122, 122); font-weight: 400; font-family: Roboto, sans-serif;\"><\/p><p style=\"font-size: 14px; color: rgb(122, 122, 122); font-weight: 400; font-family: Roboto, sans-serif;\"><\/p><p style=\"font-size: 14px; color: rgb(122, 122, 122); font-weight: 400; font-family: Roboto, sans-serif;\">Si subes im\u00e1genes al sitio web, debes evitar cargar im\u00e1genes con datos de ubicaci\u00f3n incrustados (EXIF GPS) incluidos. Los visitantes del sitio web pueden descargar y extraer cualquier dato de ubicaci\u00f3n de las im\u00e1genes en el sitio web.<\/p><p style=\"font-size: 14px; color: rgb(122, 122, 122); font-weight: 400; font-family: Roboto, sans-serif;\"><\/p><p style=\"font-size: 14px; color: rgb(122, 122, 122); font-weight: 400; font-family: Roboto, sans-serif;\"><\/p><p style=\"font-size: 14px; color: rgb(122, 122, 122); font-weight: 400; font-family: Roboto, sans-serif;\"><span style=\"font-weight: 600;\">Cookies:<\/span>&nbsp;Si dejas un comentario en nuestro sitio, puedes optar por guardar tu nombre, direcci\u00f3n de correo electr\u00f3nico y sitio web en cookies. Estas cookies durar\u00e1n un a\u00f1o y son para tu conveniencia, para que no tengas que volver a completar tus datos cuando dejes otro comentario.<\/p><p style=\"font-size: 14px; color: rgb(122, 122, 122); font-weight: 400; font-family: Roboto, sans-serif;\"><\/p><p style=\"font-size: 14px; color: rgb(122, 122, 122); font-weight: 400; font-family: Roboto, sans-serif;\"><\/p><p style=\"font-size: 14px; color: rgb(122, 122, 122); font-weight: 400; font-family: Roboto, sans-serif;\">Si visitas nuestra p\u00e1gina de inicio de sesi\u00f3n, estableceremos una cookie temporal para determinar si tu navegador acepta cookies. Esta cookie no contiene datos personales y se descarta cuando cierras tu navegador.<\/p><p style=\"font-size: 14px; color: rgb(122, 122, 122); font-weight: 400; font-family: Roboto, sans-serif;\"><\/p><p style=\"font-size: 14px; color: rgb(122, 122, 122); font-weight: 400; font-family: Roboto, sans-serif;\"><\/p><p style=\"font-size: 14px; color: rgb(122, 122, 122); font-weight: 400; font-family: Roboto, sans-serif;\">Cuando inicias sesi\u00f3n, tambi\u00e9n configuramos varias cookies para guardar tu informaci\u00f3n de inicio de sesi\u00f3n y tus preferencias de visualizaci\u00f3n de pantalla. Las cookies de inicio de sesi\u00f3n duran dos d\u00edas, y las cookies de opciones de pantalla duran un a\u00f1o. Si seleccionas &#8220;Recordarme&#8221;, tu inicio de sesi\u00f3n persistir\u00e1 durante dos semanas. Si cierras la sesi\u00f3n de tu cuenta, las cookies de inicio de sesi\u00f3n se eliminar\u00e1n. Si editas o publicas un art\u00edculo, se guardar\u00e1 una cookie adicional en tu navegador. Esta cookie incluye no datos personales y simplemente indica el ID del art\u00edculo que acabas de editar. Expira despu\u00e9s de 1 d\u00eda.<\/p><p style=\"font-size: 14px; color: rgb(122, 122, 122); font-weight: 400; font-family: Roboto, sans-serif;\"><\/p><p style=\"font-size: 14px; color: rgb(122, 122, 122); font-weight: 400; font-family: Roboto, sans-serif;\"><\/p><p style=\"font-size: 14px; color: rgb(122, 122, 122); font-weight: 400; font-family: Roboto, sans-serif;\"><span style=\"font-weight: 600;\">Uso de la Informaci\u00f3n:<\/span>&nbsp;La informaci\u00f3n personal que recopilemos se utilizar\u00e1 para gestionar y mejorar tu experiencia en nuestro listado de anuncios. Esto incluye, pero no se limita a, la publicaci\u00f3n de anuncios, la comunicaci\u00f3n con otros usuarios, la personalizaci\u00f3n de contenido y la mejora de nuestros servicios.<\/p><p style=\"font-size: 14px; color: rgb(122, 122, 122); font-weight: 400; font-family: Roboto, sans-serif;\"><\/p><p style=\"font-size: 14px; color: rgb(122, 122, 122); font-weight: 400; font-family: Roboto, sans-serif;\"><\/p><p style=\"font-size: 14px; color: rgb(122, 122, 122); font-weight: 400; font-family: Roboto, sans-serif;\"><span style=\"font-weight: 600;\">Almacenamiento y Retenci\u00f3n:<\/span>&nbsp;Mantendremos tu informaci\u00f3n personal solo durante el tiempo necesario para cumplir con los fines para los cuales fue recopilada y de acuerdo con los plazos legales aplicables.<\/p><p style=\"font-size: 14px; color: rgb(122, 122, 122); font-weight: 400; font-family: Roboto, sans-serif;\"><\/p><p style=\"font-size: 14px; color: rgb(122, 122, 122); font-weight: 400; font-family: Roboto, sans-serif;\"><\/p><p style=\"font-size: 14px; color: rgb(122, 122, 122); font-weight: 400; font-family: Roboto, sans-serif;\"><span style=\"font-weight: 600;\">Transparencia:<\/span>&nbsp;Ponemos a tu disposici\u00f3n informaci\u00f3n sobre nuestras pol\u00edticas y pr\u00e1cticas de privacidad. Si tienes preguntas o preocupaciones sobre la privacidad, no dudes en contactarnos.<\/p><p style=\"font-size: 14px; color: rgb(122, 122, 122); font-weight: 400; font-family: Roboto, sans-serif;\"><\/p><p style=\"font-size: 14px; color: rgb(122, 122, 122); font-weight: 400; font-family: Roboto, sans-serif;\"><\/p><p style=\"font-size: 14px; color: rgb(122, 122, 122); font-weight: 400; font-family: Roboto, sans-serif;\"><span style=\"font-weight: 600;\">Cumplimiento Legal:<\/span>&nbsp;Cumpliremos con todas las leyes y regulaciones de privacidad aplicables y cooperaremos plenamente con las autoridades pertinentes en caso de una investigaci\u00f3n relacionada con la privacidad.<\/p><p style=\"font-size: 14px; color: rgb(122, 122, 122); font-weight: 400; font-family: Roboto, sans-serif;\"><\/p><p style=\"font-size: 14px; color: rgb(122, 122, 122); font-weight: 400; font-family: Roboto, sans-serif;\"><\/p><p style=\"font-size: 14px; color: rgb(122, 122, 122); font-weight: 400; font-family: Roboto, sans-serif;\"><span style=\"font-weight: 600;\">Cambios en la Pol\u00edtica de Privacidad:<\/span>&nbsp;Podemos actualizar esta pol\u00edtica de privacidad ocasionalmente para reflejar cambios en nuestras pr\u00e1cticas o en la legislaci\u00f3n. Te notificaremos cualquier cambio importante.<\/p><p style=\"font-size: 14px; color: rgb(122, 122, 122); font-weight: 400; font-family: Roboto, sans-serif;\"><\/p><p style=\"font-size: 14px; color: rgb(122, 122, 122); font-weight: 400; font-family: Roboto, sans-serif;\"><\/p><p style=\"font-size: 14px; color: rgb(122, 122, 122); font-weight: 400; font-family: Roboto, sans-serif;\"><span style=\"font-weight: 600;\">Derechos sobre tus Datos:<\/span>&nbsp;Si tienes una cuenta en este sitio o has dejado comentarios, puedes solicitar recibir un archivo exportado de los datos personales que tenemos sobre ti, incluidos los datos que nos has proporcionado. Tambi\u00e9n puedes solicitar que eliminemos cualquier dato personal que tengamos sobre ti. Esto no incluye ning\u00fan dato que estemos obligados a conservar por motivos administrativos, legales o de seguridad.<\/p><p style=\"font-size: 14px; color: rgb(122, 122, 122); font-weight: 400; font-family: Roboto, sans-serif;\"><\/p><p style=\"font-size: 14px; color: rgb(122, 122, 122); font-weight: 400; font-family: Roboto, sans-serif;\"><\/p><p style=\"font-size: 14px; color: rgb(122, 122, 122); font-weight: 400; font-family: Roboto, sans-serif;\"><span style=\"font-weight: 600;\">Contenido Incrustado de Otros Sitios Web:<\/span>&nbsp;Los art\u00edculos en este sitio pueden incluir contenido incrustado (por ejemplo, videos, im\u00e1genes, art\u00edculos, etc.) de otros sitios web. Este contenido se comporta de la misma manera que si el visitante hubiera visitado el otro sitio web.<\/p><p style=\"font-size: 14px; color: rgb(122, 122, 122); font-weight: 400; font-family: Roboto, sans-serif;\"><\/p><p style=\"font-size: 14px; color: rgb(122, 122, 122); font-weight: 400; font-family: Roboto, sans-serif;\"><\/p><p style=\"font-size: 14px; color: rgb(122, 122, 122); font-weight: 400; font-family: Roboto, sans-serif;\">Estos sitios web pueden recopilar datos sobre ti, utilizar cookies adicionales de terceros y monitorear tu interacci\u00f3n con ese contenido incrustado, incluido el seguimiento de tu interacci\u00f3n si tienes una cuenta y est\u00e1s conectado a ese sitio web.<\/p><p style=\"font-size: 14px; color: rgb(122, 122, 122); font-weight: 400; font-family: Roboto, sans-serif;\"><\/p><p style=\"font-size: 14px; color: rgb(122, 122, 122); font-weight: 400; font-family: Roboto, sans-serif;\"><\/p><p style=\"font-size: 14px; color: rgb(122, 122, 122); font-weight: 400; font-family: Roboto, sans-serif;\"><span style=\"font-weight: 600;\">Compartir tus Datos:<\/span>&nbsp;Si solicitas un restablecimiento de contrase\u00f1a, tu direcci\u00f3n IP se incluir\u00e1 en el correo electr\u00f3nico de restablecimiento.<\/p><p style=\"font-size: 14px; color: rgb(122, 122, 122); font-weight: 400; font-family: Roboto, sans-serif;\"><\/p><p style=\"font-size: 14px; color: rgb(122, 122, 122); font-weight: 400; font-family: Roboto, sans-serif;\"><\/p><p style=\"font-size: 14px; color: rgb(122, 122, 122); font-weight: 400; font-family: Roboto, sans-serif;\">Estamos comprometidos a proteger tu privacidad y ofrecer un entorno seguro en nuestro listado de anuncios en&nbsp;<a href=\"https:\/\/lovedemarcos.com\/\">https:\/\/lovedemarcos.com<\/a>.<\/p>\t\t\t\t\t\t\t\t<\/div>\n\t\t\t\t\t<\/div>\n\t\t<\/div>\n\t\t\t\t\t<\/div>\n\t\t<\/section>\n\t\t\t\t<\/div>","protected":false},"excerpt":{"rendered":"<p>Pol\u00edtica de Privacidad Qui\u00e9nes somos:&nbsp;Nuestra direcci\u00f3n web es:&nbsp;https:\/\/lovedemarcos.com. Recopilaci\u00f3n de Informaci\u00f3n:&nbsp;Antes o en el momento de recopilar informaci\u00f3n personal, identificaremos y te informaremos sobre los prop\u00f3sitos espec\u00edficos para los cuales se est\u00e1 recopilando la informaci\u00f3n. Cuando los visitantes dejan comentarios en el sitio, recopilamos los datos que se muestran en el formulario de comentarios, as\u00ed [&hellip;]<\/p>","protected":false},"author":76,"featured_media":0,"parent":0,"menu_order":0,"comment_status":"closed","ping_status":"open","template":"","meta":{"footnotes":""},"class_list":["post-2482","page","type-page","status-publish","hentry"],"acf":[],"_links":{"self":[{"href":"https:\/\/lovedemarcos.com\/en\/wp-json\/wp\/v2\/pages\/2482","targetHints":{"allow":["GET"]}}],"collection":[{"href":"https:\/\/lovedemarcos.com\/en\/wp-json\/wp\/v2\/pages"}],"about":[{"href":"https:\/\/lovedemarcos.com\/en\/wp-json\/wp\/v2\/types\/page"}],"author":[{"embeddable":true,"href":"https:\/\/lovedemarcos.com\/en\/wp-json\/wp\/v2\/users\/76"}],"replies":[{"embeddable":true,"href":"https:\/\/lovedemarcos.com\/en\/wp-json\/wp\/v2\/comments?post=2482"}],"version-history":[{"count":0,"href":"https:\/\/lovedemarcos.com\/en\/wp-json\/wp\/v2\/pages\/2482\/revisions"}],"wp:attachment":[{"href":"https:\/\/lovedemarcos.com\/en\/wp-json\/wp\/v2\/media?parent=2482"}],"curies":[{"name":"wp","href":"https:\/\/api.w.org\/{rel}","templated":true}]}}