{"id":1373,"date":"2023-11-27T11:57:50","date_gmt":"2023-11-27T17:57:50","guid":{"rendered":"https:\/\/lovedemarcos.com\/?page_id=1373"},"modified":"2023-11-27T11:57:50","modified_gmt":"2023-11-27T17:57:50","slug":"terminos-y-condiciones","status":"publish","type":"page","link":"https:\/\/lovedemarcos.com\/en\/terminos-y-condiciones\/","title":{"rendered":"T\u00e9rminos y Condiciones"},"content":{"rendered":"<div data-elementor-type=\"wp-page\" data-elementor-id=\"1373\" class=\"elementor elementor-1373\">\n\t\t\t\t\t\t<section class=\"elementor-section elementor-top-section elementor-element elementor-element-48a1a93 elementor-section-boxed elementor-section-height-default elementor-section-height-default\" data-id=\"48a1a93\" data-element_type=\"section\" data-e-type=\"section\">\n\t\t\t\t\t\t<div class=\"elementor-container elementor-column-gap-default\">\n\t\t\t\t\t<div class=\"elementor-column elementor-col-100 elementor-top-column elementor-element elementor-element-a979d41\" data-id=\"a979d41\" data-element_type=\"column\" data-e-type=\"column\">\n\t\t\t<div class=\"elementor-widget-wrap elementor-element-populated\">\n\t\t\t\t\t\t<div class=\"elementor-element elementor-element-13b638d elementor-widget elementor-widget-spacer\" data-id=\"13b638d\" data-element_type=\"widget\" data-e-type=\"widget\" data-widget_type=\"spacer.default\">\n\t\t\t\t\t\t\t<div class=\"elementor-spacer\">\n\t\t\t<div class=\"elementor-spacer-inner\"><\/div>\n\t\t<\/div>\n\t\t\t\t\t\t<\/div>\n\t\t\t\t<div class=\"elementor-element elementor-element-d19e91c elementor-widget elementor-widget-heading\" data-id=\"d19e91c\" data-element_type=\"widget\" data-e-type=\"widget\" data-widget_type=\"heading.default\">\n\t\t\t\t\t<h2 class=\"elementor-heading-title elementor-size-default\">T\u00e9rminos y Condiciones<\/h2>\t\t\t\t<\/div>\n\t\t\t\t<div class=\"elementor-element elementor-element-d87778c elementor-widget elementor-widget-spacer\" data-id=\"d87778c\" data-element_type=\"widget\" data-e-type=\"widget\" data-widget_type=\"spacer.default\">\n\t\t\t\t\t\t\t<div class=\"elementor-spacer\">\n\t\t\t<div class=\"elementor-spacer-inner\"><\/div>\n\t\t<\/div>\n\t\t\t\t\t\t<\/div>\n\t\t\t\t<div class=\"elementor-element elementor-element-d86d03b elementor-widget elementor-widget-text-editor\" data-id=\"d86d03b\" data-element_type=\"widget\" data-e-type=\"widget\" data-widget_type=\"text-editor.default\">\n\t\t\t\t\t\t\t\t\t<p><strong>T\u00e9rminos y Condiciones<\/strong><\/p><p>\u00a1Bienvenido a Lovedemarcos!<\/p><p>Estos t\u00e9rminos y condiciones establecen las normas y regulaciones para el uso del sitio web de Lovedemarcos, ubicado en https:\/\/lovedemarcos.com.<\/p><p>1. **Introducci\u00f3n y Aceptaci\u00f3n:**<br \/>Al acceder a este sitio web, aceptas estos t\u00e9rminos y condiciones. Te recomendamos leerlos detenidamente, ya que continuar utilizando Lovedemarcos implica aceptaci\u00f3n total.<\/p><p>2. **Cookies:**<br \/>Al acceder a Lovedemarcos, aceptas el uso de cookies necesarias. Consulta nuestra pol\u00edtica de privacidad para obtener m\u00e1s detalles sobre la recopilaci\u00f3n y uso de datos personales.<\/p><p>3. **Licencia:**<br \/>A menos que se indique lo contrario, Lovedemarcos y\/o sus licenciantes poseen los derechos de propiedad intelectual de todo el material en Lovedemarcos. La reproducci\u00f3n, venta o copia del material sin permiso expl\u00edcito est\u00e1 prohibida.<\/p><p>4. **Comentarios de Usuarios:**<br \/>Los usuarios pueden publicar comentarios, pero Lovedemarcos no se responsabiliza por su contenido. Nos reservamos el derecho de moderar y eliminar comentarios inapropiados.<\/p><p>5. **Hiperv\u00ednculos:**<br \/>Solo ciertas organizaciones pueden enlazar a nuestro sitio web seg\u00fan las condiciones establecidas aqu\u00ed. Las solicitudes adicionales de enlaces pueden enviarse por correo electr\u00f3nico para revisi\u00f3n y aprobaci\u00f3n.<\/p><p>6. **Responsabilidad del Contenido:**<br \/>No somos responsables del contenido en sitios vinculados. Los propietarios de esos sitios son responsables de su contenido.<\/p><p>7. **Reserva de Derechos y Eliminaci\u00f3n de Enlaces:**<br \/>Nos reservamos el derecho de solicitar la eliminaci\u00f3n de enlaces y modificar estos t\u00e9rminos y condiciones en cualquier momento. Al vincular continuamente, aceptas seguir estos t\u00e9rminos.<\/p><p>8. **Exenci\u00f3n de Responsabilidad:**<br \/>Excluimos todas las responsabilidades relacionadas con nuestro sitio web. Esta exclusi\u00f3n no afecta tus derechos legales.<\/p><p>9. **Sistema de Gamificaci\u00f3n:**<br \/>Lovedemarcos implementa un sistema de gamificaci\u00f3n mediante el plugin Gamipress. Al participar, aceptas los t\u00e9rminos y condiciones adicionales asociados. Obt\u00e9n m\u00e1s informaci\u00f3n [aqu\u00ed](enlace).<\/p><p>10. **Sistema de Cupones:**<br \/>Introduciremos un sistema de cupones. Los t\u00e9rminos espec\u00edficos estar\u00e1n disponibles al emitirlos. Utilizar cupones implica aceptaci\u00f3n de estos t\u00e9rminos.<\/p><p>Fecha de Entrada en Vigor: Estos t\u00e9rminos y condiciones entran en vigor a partir del [fecha].<\/p><p>Para consultas y solicitudes, cont\u00e1ctanos en [correo electr\u00f3nico].<\/p><p>Gracias por formar parte de Lovedemarcos. \u00a1Disfruta tu experiencia!<\/p>\t\t\t\t\t\t\t\t<\/div>\n\t\t\t\t\t<\/div>\n\t\t<\/div>\n\t\t\t\t\t<\/div>\n\t\t<\/section>\n\t\t\t\t<\/div>","protected":false},"excerpt":{"rendered":"<p>T\u00e9rminos y Condiciones T\u00e9rminos y Condiciones \u00a1Bienvenido a Lovedemarcos! Estos t\u00e9rminos y condiciones establecen las normas y regulaciones para el uso del sitio web de Lovedemarcos, ubicado en https:\/\/lovedemarcos.com. 1. **Introducci\u00f3n y Aceptaci\u00f3n:**Al acceder a este sitio web, aceptas estos t\u00e9rminos y condiciones. Te recomendamos leerlos detenidamente, ya que continuar utilizando Lovedemarcos implica aceptaci\u00f3n total. [&hellip;]<\/p>","protected":false},"author":76,"featured_media":0,"parent":0,"menu_order":0,"comment_status":"closed","ping_status":"closed","template":"","meta":{"footnotes":""},"class_list":["post-1373","page","type-page","status-publish","hentry"],"acf":[],"_links":{"self":[{"href":"https:\/\/lovedemarcos.com\/en\/wp-json\/wp\/v2\/pages\/1373","targetHints":{"allow":["GET"]}}],"collection":[{"href":"https:\/\/lovedemarcos.com\/en\/wp-json\/wp\/v2\/pages"}],"about":[{"href":"https:\/\/lovedemarcos.com\/en\/wp-json\/wp\/v2\/types\/page"}],"author":[{"embeddable":true,"href":"https:\/\/lovedemarcos.com\/en\/wp-json\/wp\/v2\/users\/76"}],"replies":[{"embeddable":true,"href":"https:\/\/lovedemarcos.com\/en\/wp-json\/wp\/v2\/comments?post=1373"}],"version-history":[{"count":0,"href":"https:\/\/lovedemarcos.com\/en\/wp-json\/wp\/v2\/pages\/1373\/revisions"}],"wp:attachment":[{"href":"https:\/\/lovedemarcos.com\/en\/wp-json\/wp\/v2\/media?parent=1373"}],"curies":[{"name":"wp","href":"https:\/\/api.w.org\/{rel}","templated":true}]}}